{"id":79,"date":"2021-02-17T12:44:31","date_gmt":"2021-02-17T12:44:31","guid":{"rendered":"https:\/\/erikoiskuljetuskyllonen.fi\/?page_id=79"},"modified":"2024-08-22T16:25:32","modified_gmt":"2024-08-22T16:25:32","slug":"kalusto","status":"publish","type":"page","link":"https:\/\/erikoiskuljetuskyllonen.fi\/?page_id=79","title":{"rendered":"Kalusto"},"content":{"rendered":"\t\t<div data-elementor-type=\"wp-page\" data-elementor-id=\"79\" class=\"elementor elementor-79\" data-elementor-settings=\"[]\">\n\t\t\t\t\t\t\t<div class=\"elementor-section-wrap\">\n\t\t\t\t\t\t\t<section class=\"elementor-section elementor-top-section elementor-element elementor-element-33010c71 elementor-section-height-min-height elementor-section-boxed elementor-section-height-default elementor-section-items-middle\" data-id=\"33010c71\" data-element_type=\"section\" data-settings=\"{&quot;background_background&quot;:&quot;classic&quot;,&quot;shape_divider_bottom&quot;:&quot;waves&quot;}\">\n\t\t\t\t\t\t\t<div class=\"elementor-background-overlay\"><\/div>\n\t\t\t\t\t\t<div class=\"elementor-shape elementor-shape-bottom\" data-negative=\"false\">\n\t\t\t<svg xmlns=\"http:\/\/www.w3.org\/2000\/svg\" viewBox=\"0 0 1000 100\" preserveAspectRatio=\"none\">\n\t<path class=\"elementor-shape-fill\" d=\"M421.9,6.5c22.6-2.5,51.5,0.4,75.5,5.3c23.6,4.9,70.9,23.5,100.5,35.7c75.8,32.2,133.7,44.5,192.6,49.7\n\tc23.6,2.1,48.7,3.5,103.4-2.5c54.7-6,106.2-25.6,106.2-25.6V0H0v30.3c0,0,72,32.6,158.4,30.5c39.2-0.7,92.8-6.7,134-22.4\n\tc21.2-8.1,52.2-18.2,79.7-24.2C399.3,7.9,411.6,7.5,421.9,6.5z\"\/>\n<\/svg>\t\t<\/div>\n\t\t\t\t\t<div class=\"elementor-container elementor-column-gap-default\">\n\t\t\t\t\t<div class=\"elementor-column elementor-col-100 elementor-top-column elementor-element elementor-element-ff98b67\" data-id=\"ff98b67\" data-element_type=\"column\">\n\t\t\t<div class=\"elementor-widget-wrap elementor-element-populated\">\n\t\t\t\t\t\t\t\t<div class=\"elementor-element elementor-element-3654e66b elementor-widget elementor-widget-heading\" data-id=\"3654e66b\" data-element_type=\"widget\" data-widget_type=\"heading.default\">\n\t\t\t\t<div class=\"elementor-widget-container\">\n\t\t\t<h1 class=\"elementor-heading-title elementor-size-default\">Kalustomme<\/h1>\t\t<\/div>\n\t\t\t\t<\/div>\n\t\t\t\t<div class=\"elementor-element elementor-element-55dc51b7 elementor-widget elementor-widget-heading\" data-id=\"55dc51b7\" data-element_type=\"widget\" data-widget_type=\"heading.default\">\n\t\t\t\t<div class=\"elementor-widget-container\">\n\t\t\t<h3 class=\"elementor-heading-title elementor-size-default\">Lavettikuljetukset ammattitaidolla<\/h3>\t\t<\/div>\n\t\t\t\t<\/div>\n\t\t\t\t\t<\/div>\n\t\t<\/div>\n\t\t\t\t\t\t\t<\/div>\n\t\t<\/section>\n\t\t\t\t<section class=\"elementor-section elementor-top-section elementor-element elementor-element-1bb0107 elementor-section-full_width elementor-section-height-min-height elementor-section-content-middle elementor-section-height-default elementor-section-items-middle\" data-id=\"1bb0107\" data-element_type=\"section\" data-settings=\"{&quot;background_background&quot;:&quot;classic&quot;}\">\n\t\t\t\t\t\t<div class=\"elementor-container elementor-column-gap-default\">\n\t\t\t\t\t<div class=\"elementor-column elementor-col-100 elementor-top-column elementor-element elementor-element-e1eaf66\" data-id=\"e1eaf66\" data-element_type=\"column\">\n\t\t\t<div class=\"elementor-widget-wrap elementor-element-populated\">\n\t\t\t\t\t\t\t\t<div class=\"elementor-element elementor-element-b700d43 elementor-widget elementor-widget-heading\" data-id=\"b700d43\" data-element_type=\"widget\" data-widget_type=\"heading.default\">\n\t\t\t\t<div class=\"elementor-widget-container\">\n\t\t\t<h3 class=\"elementor-heading-title elementor-size-default\">Kalustomme k\u00e4sitt\u00e4\u00e4 lavetti- ja erikoiskuljetuksissa tarvittavat autot ja v\u00e4lineet<\/h3>\t\t<\/div>\n\t\t\t\t<\/div>\n\t\t\t\t\t<\/div>\n\t\t<\/div>\n\t\t\t\t\t\t\t<\/div>\n\t\t<\/section>\n\t\t\t\t<section class=\"elementor-section elementor-top-section elementor-element elementor-element-1896c6a1 elementor-section-boxed elementor-section-height-default elementor-section-height-default\" data-id=\"1896c6a1\" data-element_type=\"section\" data-settings=\"{&quot;background_background&quot;:&quot;classic&quot;}\">\n\t\t\t\t\t\t<div class=\"elementor-container elementor-column-gap-no\">\n\t\t\t\t\t<div class=\"elementor-column elementor-col-100 elementor-top-column elementor-element elementor-element-50d296bb\" data-id=\"50d296bb\" data-element_type=\"column\">\n\t\t\t<div class=\"elementor-widget-wrap elementor-element-populated\">\n\t\t\t\t\t\t\t\t<section class=\"elementor-section elementor-inner-section elementor-element elementor-element-1f6bd9f2 elementor-section-content-middle elementor-section-boxed elementor-section-height-default elementor-section-height-default\" data-id=\"1f6bd9f2\" data-element_type=\"section\">\n\t\t\t\t\t\t<div class=\"elementor-container elementor-column-gap-no\">\n\t\t\t\t\t<div class=\"elementor-column elementor-col-50 elementor-inner-column elementor-element elementor-element-351f8972\" data-id=\"351f8972\" data-element_type=\"column\" data-settings=\"{&quot;background_background&quot;:&quot;gradient&quot;}\">\n\t\t\t<div class=\"elementor-widget-wrap elementor-element-populated\">\n\t\t\t\t\t\t\t\t<div class=\"elementor-element elementor-element-2edd798e elementor-widget elementor-widget-image\" data-id=\"2edd798e\" data-element_type=\"widget\" data-widget_type=\"image.default\">\n\t\t\t\t<div class=\"elementor-widget-container\">\n\t\t\t\t\t<div class=\"elementor-image\">\n\t\t\t\t\t\t\t\t\t\t<img width=\"1288\" height=\"972\" src=\"https:\/\/erikoiskuljetuskyllonen.fi\/wp-content\/uploads\/2021\/02\/joukon-kuva.jpg\" class=\"attachment-full size-full\" alt=\"\" loading=\"lazy\" srcset=\"https:\/\/erikoiskuljetuskyllonen.fi\/wp-content\/uploads\/2021\/02\/joukon-kuva.jpg 1288w, https:\/\/erikoiskuljetuskyllonen.fi\/wp-content\/uploads\/2021\/02\/joukon-kuva-300x226.jpg 300w, https:\/\/erikoiskuljetuskyllonen.fi\/wp-content\/uploads\/2021\/02\/joukon-kuva-1024x773.jpg 1024w, https:\/\/erikoiskuljetuskyllonen.fi\/wp-content\/uploads\/2021\/02\/joukon-kuva-768x580.jpg 768w\" sizes=\"(max-width: 1288px) 100vw, 1288px\" \/>\t\t\t\t\t\t\t\t\t\t\t<\/div>\n\t\t\t\t<\/div>\n\t\t\t\t<\/div>\n\t\t\t\t\t<\/div>\n\t\t<\/div>\n\t\t\t\t<div class=\"elementor-column elementor-col-50 elementor-inner-column elementor-element elementor-element-250b6d9e\" data-id=\"250b6d9e\" data-element_type=\"column\">\n\t\t\t<div class=\"elementor-widget-wrap elementor-element-populated\">\n\t\t\t\t\t\t\t\t<div class=\"elementor-element elementor-element-5cf899c7 elementor-widget elementor-widget-heading\" data-id=\"5cf899c7\" data-element_type=\"widget\" data-widget_type=\"heading.default\">\n\t\t\t\t<div class=\"elementor-widget-container\">\n\t\t\t<h4 class=\"elementor-heading-title elementor-size-default\">Puoliper\u00e4vaunun vetoauto<\/h4>\t\t<\/div>\n\t\t\t\t<\/div>\n\t\t\t\t<div class=\"elementor-element elementor-element-547fa6c elementor-widget elementor-widget-text-editor\" data-id=\"547fa6c\" data-element_type=\"widget\" data-widget_type=\"text-editor.default\">\n\t\t\t\t<div class=\"elementor-widget-container\">\n\t\t\t\t\t<div class=\"elementor-text-editor elementor-clearfix\"><p><strong>Volvo FH 540 6&#215;4<\/strong><br \/>\u2022 vuosimalli 2016<br \/>\u2022 per\u00e4vaunut: Finnkuko kantavuus 55 000 \/ King kantavuus 34 000<\/p><\/div>\n\t\t\t\t<\/div>\n\t\t\t\t<\/div>\n\t\t\t\t\t<\/div>\n\t\t<\/div>\n\t\t\t\t\t\t\t<\/div>\n\t\t<\/section>\n\t\t\t\t<section class=\"elementor-section elementor-inner-section elementor-element elementor-element-270316ae elementor-section-content-middle elementor-reverse-mobile elementor-section-boxed elementor-section-height-default elementor-section-height-default\" data-id=\"270316ae\" data-element_type=\"section\">\n\t\t\t\t\t\t<div class=\"elementor-container elementor-column-gap-no\">\n\t\t\t\t\t<div class=\"elementor-column elementor-col-50 elementor-inner-column elementor-element elementor-element-4f4e669e\" data-id=\"4f4e669e\" data-element_type=\"column\">\n\t\t\t<div class=\"elementor-widget-wrap elementor-element-populated\">\n\t\t\t\t\t\t\t\t<div class=\"elementor-element elementor-element-88c7d32 elementor-widget-divider--view-line elementor-widget elementor-widget-divider\" data-id=\"88c7d32\" data-element_type=\"widget\" data-widget_type=\"divider.default\">\n\t\t\t\t<div class=\"elementor-widget-container\">\n\t\t\t\t\t<div class=\"elementor-divider\">\n\t\t\t<span class=\"elementor-divider-separator\">\n\t\t\t\t\t\t<\/span>\n\t\t<\/div>\n\t\t\t\t<\/div>\n\t\t\t\t<\/div>\n\t\t\t\t<div class=\"elementor-element elementor-element-30fee4b elementor-widget elementor-widget-heading\" data-id=\"30fee4b\" data-element_type=\"widget\" data-widget_type=\"heading.default\">\n\t\t\t\t<div class=\"elementor-widget-container\">\n\t\t\t<h4 class=\"elementor-heading-title elementor-size-default\">T\u00e4ysper\u00e4vaunuyhdistelm\u00e4t:<\/h4>\t\t<\/div>\n\t\t\t\t<\/div>\n\t\t\t\t<div class=\"elementor-element elementor-element-61c7c5c3 elementor-widget elementor-widget-text-editor\" data-id=\"61c7c5c3\" data-element_type=\"widget\" data-widget_type=\"text-editor.default\">\n\t\t\t\t<div class=\"elementor-widget-container\">\n\t\t\t\t\t<div class=\"elementor-text-editor elementor-clearfix\"><ul><li><p><strong>Volvo FH 540 8&#215;4<\/strong><\/p><ul><li>vuosimalli 2015<\/li><li>koneen kuljetuslavan pituus 8,6 metri\u00e4 ja kantavuus 20 500<\/li><li>per\u00e4vaunu: Humbaur 5-akselinen, jonka lavapituus 12 metri\u00e4 ja kantavuus 30 000<\/li><\/ul><p>\u00a0<\/p><\/li><\/ul><\/div>\n\t\t\t\t<\/div>\n\t\t\t\t<\/div>\n\t\t\t\t\t<\/div>\n\t\t<\/div>\n\t\t\t\t<div class=\"elementor-column elementor-col-50 elementor-inner-column elementor-element elementor-element-28e2dd84\" data-id=\"28e2dd84\" data-element_type=\"column\" data-settings=\"{&quot;background_background&quot;:&quot;gradient&quot;}\">\n\t\t\t<div class=\"elementor-widget-wrap elementor-element-populated\">\n\t\t\t\t\t\t\t\t<div class=\"elementor-element elementor-element-306c3c60 elementor-widget elementor-widget-image\" data-id=\"306c3c60\" data-element_type=\"widget\" data-widget_type=\"image.default\">\n\t\t\t\t<div class=\"elementor-widget-container\">\n\t\t\t\t\t<div class=\"elementor-image\">\n\t\t\t\t\t\t\t\t\t\t<img width=\"1288\" height=\"966\" src=\"https:\/\/erikoiskuljetuskyllonen.fi\/wp-content\/uploads\/2021\/02\/karrykuva.jpg\" class=\"attachment-full size-full\" alt=\"\" loading=\"lazy\" srcset=\"https:\/\/erikoiskuljetuskyllonen.fi\/wp-content\/uploads\/2021\/02\/karrykuva.jpg 1288w, https:\/\/erikoiskuljetuskyllonen.fi\/wp-content\/uploads\/2021\/02\/karrykuva-300x225.jpg 300w, https:\/\/erikoiskuljetuskyllonen.fi\/wp-content\/uploads\/2021\/02\/karrykuva-1024x768.jpg 1024w, https:\/\/erikoiskuljetuskyllonen.fi\/wp-content\/uploads\/2021\/02\/karrykuva-768x576.jpg 768w\" sizes=\"(max-width: 1288px) 100vw, 1288px\" \/>\t\t\t\t\t\t\t\t\t\t\t<\/div>\n\t\t\t\t<\/div>\n\t\t\t\t<\/div>\n\t\t\t\t\t<\/div>\n\t\t<\/div>\n\t\t\t\t\t\t\t<\/div>\n\t\t<\/section>\n\t\t\t\t\t<\/div>\n\t\t<\/div>\n\t\t\t\t\t\t\t<\/div>\n\t\t<\/section>\n\t\t\t\t\t\t<\/div>\n\t\t\t\t\t<\/div>\n\t\t","protected":false},"excerpt":{"rendered":"<p>Kalustomme Lavettikuljetukset ammattitaidolla Kalustomme k\u00e4sitt\u00e4\u00e4 lavetti- ja erikoiskuljetuksissa tarvittavat autot ja v\u00e4lineet Puoliper\u00e4vaunun vetoauto Volvo FH 540 6&#215;4\u2022 vuosimalli 2016\u2022 per\u00e4vaunut: Finnkuko kantavuus 55 000 \/ King kantavuus 34 000 T\u00e4ysper\u00e4vaunuyhdistelm\u00e4t: Volvo FH 540 8&#215;4 vuosimalli 2015 koneen kuljetuslavan pituus 8,6 metri\u00e4 ja kantavuus 20 500 per\u00e4vaunu: Humbaur 5-akselinen, jonka lavapituus 12 metri\u00e4 ja kantavuus [&hellip;]<\/p>\n","protected":false},"author":7,"featured_media":0,"parent":0,"menu_order":0,"comment_status":"closed","ping_status":"closed","template":"","meta":[],"_links":{"self":[{"href":"https:\/\/erikoiskuljetuskyllonen.fi\/index.php?rest_route=\/wp\/v2\/pages\/79"}],"collection":[{"href":"https:\/\/erikoiskuljetuskyllonen.fi\/index.php?rest_route=\/wp\/v2\/pages"}],"about":[{"href":"https:\/\/erikoiskuljetuskyllonen.fi\/index.php?rest_route=\/wp\/v2\/types\/page"}],"author":[{"embeddable":true,"href":"https:\/\/erikoiskuljetuskyllonen.fi\/index.php?rest_route=\/wp\/v2\/users\/7"}],"replies":[{"embeddable":true,"href":"https:\/\/erikoiskuljetuskyllonen.fi\/index.php?rest_route=%2Fwp%2Fv2%2Fcomments&post=79"}],"version-history":[{"count":70,"href":"https:\/\/erikoiskuljetuskyllonen.fi\/index.php?rest_route=\/wp\/v2\/pages\/79\/revisions"}],"predecessor-version":[{"id":302,"href":"https:\/\/erikoiskuljetuskyllonen.fi\/index.php?rest_route=\/wp\/v2\/pages\/79\/revisions\/302"}],"wp:attachment":[{"href":"https:\/\/erikoiskuljetuskyllonen.fi\/index.php?rest_route=%2Fwp%2Fv2%2Fmedia&parent=79"}],"curies":[{"name":"wp","href":"https:\/\/api.w.org\/{rel}","templated":true}]}}